{"id":628,"date":"2026-02-19T12:49:22","date_gmt":"2026-02-19T11:49:22","guid":{"rendered":"https:\/\/whitetravel.pt\/?page_id=628"},"modified":"2026-02-20T12:40:12","modified_gmt":"2026-02-20T11:40:12","slug":"oeste","status":"publish","type":"page","link":"https:\/\/whitetravel.pt\/?page_id=628","title":{"rendered":"Costa Oeste"},"content":{"rendered":"\n    \n    <section class=\"u-align-left u-clearfix u-container-align-left u-image u-shading u-section-2\" id=\"block-3\" data-image-width=\"1280\" data-image-height=\"960\" style=\"background-image: linear-gradient(0deg, rgba(0, 0, 0, 0.4), rgba(0, 0, 0, 0.4)), url(&quot;https:\/\/whitetravel.pt\/wp-content\/uploads\/2026\/02\/photo-1582109256496-a53ee27a51ff-1.jpeg&quot;);\">\n      <div class=\"u-clearfix u-sheet u-valign-middle-lg u-valign-middle-md u-valign-middle-sm u-valign-middle-xl u-valign-middle-xs u-sheet-1\">\n        <h1 class=\"u-align-left u-text u-text-default u-title u-text-1\"> Costa Oeste<\/h1>\n        <p class=\"u-align-left u-large-text u-text u-text-variant u-text-2\"> F\u00e1tima, Nazar\u00e9, Alcoba\u00e7a e Peniche (1 dia)<\/p>\n      <\/div>\n    <\/section>\n    <section class=\"u-clearfix u-section-3\" id=\"block-1\">\n      <div class=\"u-clearfix u-sheet u-sheet-1\">\n        <p class=\"u-text u-text-default u-text-1\">Um dia completo, ao teu ritmo \u2014 com viatura privada e motorista profissional.<br>\n          <br>Um tour privado pela Zona Oeste, feito \u00e0 tua medida<br>\n          <br>O Tour Privado Zona Oeste da White Travel \u00e9 perfeito para quem quer conhecer Portugal com conforto e flexibilidade. Num s\u00f3 dia, visita F\u00e1tima, Nazar\u00e9, Alcoba\u00e7a e Peniche, com transporte privado e motorista profissional.<br>\n          <br>O ritmo \u00e9 teu:&nbsp;<br>Mais tempo em miradouros, paragens para fotos, pausa para almo\u00e7o \u2014 ajustamos o itiner\u00e1rio \u00e0s tuas prefer\u00eancias (dentro do tempo total do servi\u00e7o).Itiner\u00e1rio sugerido (flex\u00edvel)<br>F\u00e1tima:&nbsp;Santu\u00e1rio e principais pontos de visita<br>Nazar\u00e9:&nbsp;zona costeira e, se quiseres, paragem no S\u00edtio para vistas panor\u00e2micas<br>Alcoba\u00e7a:&nbsp;Mosteiro de Alcoba\u00e7a (Patrim\u00f3nio Mundial) e centro hist\u00f3rico<br>Peniche:&nbsp;costa atl\u00e2ntica, paisagens e ambiente local<br>\n          <br><span style=\"font-weight: 700;\">Inclui<\/span><span style=\"font-weight: 700;\">:<br><\/span>Viatura privada (conforme n\u00ba de passageiros)<br>Motorista profissional<br>Recolha e entrega no local combinado<br>Flexibilidade de paragens dentro do tempo do tour<br>\n          <br><span style=\"font-weight: 700;\">N\u00e3o inclu\u00eddo:&nbsp;<br><\/span>Entradas, refei\u00e7\u00f5es e despesas pessoais (podemos ajudar a planear).<br>\n          <br><span style=\"font-weight: 700;\">Pede or\u00e7amento<br><\/span>Envia: data, n\u00ba de passageiros, local de recolha\/entrega e prefer\u00eancias.<br> Telefone: 215 995 198 | Email: <a href=\"mailto:travel@mobse.pt\" target=\"_blank\" rel=\"noopener noreferrer\" class=\"u-active-none u-border-none u-btn u-button-style u-hover-none u-none u-text-palette-1-base u-btn-1\">travel@mobse.pt<\/a>\n        <\/p>\n      <\/div>\n    <\/section>\n    <section class=\"u-clearfix u-hidden u-section-4\" id=\"block-4\">\n      <div class=\"u-clearfix u-sheet u-sheet-1\">\n        <div class=\"u-form u-form-1\" id=\"carousel-1c12\">\n          <form action=\"https:\/\/service.nicepagesrv.com\/form\/v4\/form-process\" class=\"u-clearfix u-form-spacing-10 u-form-vertical u-inner-form\" source=\"email\" name=\"form\" style=\"padding: 10px;\">\n            <div class=\"u-form-group u-form-name\">\n              <label class=\"u-label\">Nome<\/label>\n              <input type=\"text\" placeholder=\"Insira seu Nome\" id=\"name-279c\" name=\"name\" class=\"u-input u-input-rectangle\" required=\"\">\n            <\/div>\n            <div class=\"u-form-email u-form-group\">\n              <label class=\"u-label\">Email<\/label>\n              <input type=\"email\" placeholder=\"Insira um endere\u00e7o de email v\u00e1lido\" id=\"email-279c\" name=\"email\" class=\"u-input u-input-rectangle\" required=\"\">\n            <\/div>\n            <div class=\"u-form-group u-form-message\">\n              <label class=\"u-label\">Mensagem<\/label>\n              <textarea placeholder=\"Insira sua mensagem\" id=\"message-279c\" name=\"message\" class=\"u-input u-input-rectangle\" required=\"\"><\/textarea>\n            <\/div>\n            <div class=\"u-align-left u-form-group u-form-submit\">\n              <a href=\"#\" class=\"u-btn u-btn-submit u-button-style\">Enviar<\/a>\n              <input type=\"submit\" value=\"submit\" class=\"u-form-control-hidden\">\n            <\/div>\n            <div class=\"u-form-send-message u-form-send-success\"> Obrigado! A sua mensagem foi enviada. <\/div>\n            <div class=\"u-form-send-error u-form-send-message\"> N\u00e3o foi poss\u00edvel enviar a sua mensagem. Por favor, corrija os erros e tente novamente. <\/div>\n            <input type=\"hidden\" value=\"\" name=\"recaptchaResponse\">\n            <input type=\"hidden\" name=\"formServices\" value=\"5b98955a-1ed6-c0d5-a7fb-fa93ac38e729\">\n          <\/form>\n        <\/div>\n      <\/div>\n    <\/section>\n    \n    \n    \n  \n","protected":false},"excerpt":{"rendered":"<p>Costa Oeste F\u00e1tima, Nazar\u00e9, Alcoba\u00e7a e Peniche (1 dia) Um dia completo, ao teu ritmo \u2014 com viatura privada e motorista profissional. Um tour privado pela Zona Oeste, feito \u00e0 tua medida O Tour Privado Zona Oeste da White Travel \u00e9 perfeito para quem quer conhecer Portugal com conforto e flexibilidade. Num s\u00f3 dia, visita &hellip; <a href=\"https:\/\/whitetravel.pt\/?page_id=628\" class=\"more-link\">Continue reading<span class=\"screen-reader-text\"> &#8220;Costa Oeste&#8221;<\/span><\/a><\/p>\n","protected":false},"author":1,"featured_media":0,"parent":0,"menu_order":0,"comment_status":"closed","ping_status":"closed","template":"","meta":{"footnotes":""},"class_list":["post-628","page","type-page","status-publish","hentry"],"_links":{"self":[{"href":"https:\/\/whitetravel.pt\/index.php?rest_route=\/wp\/v2\/pages\/628","targetHints":{"allow":["GET"]}}],"collection":[{"href":"https:\/\/whitetravel.pt\/index.php?rest_route=\/wp\/v2\/pages"}],"about":[{"href":"https:\/\/whitetravel.pt\/index.php?rest_route=\/wp\/v2\/types\/page"}],"author":[{"embeddable":true,"href":"https:\/\/whitetravel.pt\/index.php?rest_route=\/wp\/v2\/users\/1"}],"replies":[{"embeddable":true,"href":"https:\/\/whitetravel.pt\/index.php?rest_route=%2Fwp%2Fv2%2Fcomments&post=628"}],"version-history":[{"count":12,"href":"https:\/\/whitetravel.pt\/index.php?rest_route=\/wp\/v2\/pages\/628\/revisions"}],"predecessor-version":[{"id":720,"href":"https:\/\/whitetravel.pt\/index.php?rest_route=\/wp\/v2\/pages\/628\/revisions\/720"}],"wp:attachment":[{"href":"https:\/\/whitetravel.pt\/index.php?rest_route=%2Fwp%2Fv2%2Fmedia&parent=628"}],"curies":[{"name":"wp","href":"https:\/\/api.w.org\/{rel}","templated":true}]}}