{"id":650,"date":"2026-02-19T13:36:19","date_gmt":"2026-02-19T12:36:19","guid":{"rendered":"https:\/\/whitetravel.pt\/?page_id=650"},"modified":"2026-02-20T12:38:37","modified_gmt":"2026-02-20T11:38:37","slug":"arrabida","status":"publish","type":"page","link":"https:\/\/whitetravel.pt\/?page_id=650","title":{"rendered":"Arr\u00e1bida"},"content":{"rendered":"\n    \n    <section class=\"u-align-left u-clearfix u-container-align-left u-image u-shading u-section-2\" id=\"block-3\" data-image-width=\"1280\" data-image-height=\"853\" style=\"background-image: linear-gradient(0deg, rgba(0, 0, 0, 0.4), rgba(0, 0, 0, 0.4)), url(&quot;https:\/\/whitetravel.pt\/wp-content\/uploads\/2026\/02\/photo-1549497017-8c002f5dff92.jpeg&quot;);\">\n      <div class=\"u-clearfix u-sheet u-valign-middle-lg u-valign-middle-md u-valign-middle-sm u-valign-middle-xl u-valign-middle-xs u-sheet-1\">\n        <h1 class=\"u-align-left u-text u-text-default u-title u-text-1\"> Arr\u00e1bida<\/h1>\n        <p class=\"u-align-left u-large-text u-text u-text-variant u-text-2\"> Set\u00fabal, Arr\u00e1bida e Sesimbra (1 dia)<\/p>\n      <\/div>\n    <\/section>\n    <section class=\"u-clearfix u-section-3\" id=\"block-1\">\n      <div class=\"u-clearfix u-sheet u-sheet-1\">\n        <p class=\"u-text u-text-default u-text-1\"> Mar, serra e vilas costeiras \u2014 um dia completo ao teu ritmo, com viatura privada e motorista profissional.<br>\n          <br>Um tour privado entre a Serra da Arr\u00e1bida e o Atl\u00e2ntico<br>\n          <br>O Tour Privado Set\u00fabal, Arr\u00e1bida e Sesimbra da White Travel \u00e9 ideal para quem quer combinar paisagens naturais, miradouros incr\u00edveis e autenticidade local \u2014 com conforto e flexibilidade.<br>\n          <br>Com transporte privado e motorista profissional, vais descobrir as estradas panor\u00e2micas da Serra da Arr\u00e1bida, as praias e enseadas de \u00e1gua cristalina, e o ambiente mar\u00edtimo de Sesimbra e Set\u00fabal. As paragens e o ritmo s\u00e3o ajustados \u00e0s tuas prefer\u00eancias (dentro do tempo total do servi\u00e7o).<br>\n          <br><span style=\"font-weight: 700;\">Itiner\u00e1rio sugerido (flex\u00edvel)<br><\/span>Set\u00fabal:&nbsp;passeio pela zona ribeirinha e centro (opcional: Mercado do Livramento)<br>Serra da Arr\u00e1bida:&nbsp;estrada panor\u00e2mica e paragens em miradouros<br>Sesimbra:&nbsp;vila costeira, porto e tempo livre para almo\u00e7o junto ao mar<br>\n          <br><span style=\"font-weight: 700;\">Inclui:<br><\/span>Viatura privada (conforme n\u00ba de passageiros)<br>Motorista profissional<br>Recolha e entrega no local combinado<br>Flexibilidade de paragens dentro do tempo do tour<br><span style=\"font-weight: 700;\">\n            <br>N\u00e3o inclu\u00eddo:<\/span>&nbsp;<br>Entradas, refei\u00e7\u00f5es e despesas pessoais (podemos ajudar a planear).<br>\n          <br><span style=\"font-weight: 700;\">Pede or\u00e7amento<br><\/span>Envia: data, n\u00ba de passageiros, local de recolha\/entrega e prefer\u00eancias.<br> Telefone: 215 995 198 | Email: travel@mobse.pt\n        <\/p>\n      <\/div>\n    <\/section>\n    <section class=\"u-clearfix u-hidden u-section-4\" id=\"block-4\">\n      <div class=\"u-clearfix u-sheet u-sheet-1\">\n        <div class=\"u-form u-form-1\" id=\"carousel-1c12\">\n          <form action=\"https:\/\/service.nicepagesrv.com\/form\/v4\/form-process\" class=\"u-clearfix u-form-spacing-10 u-form-vertical u-inner-form\" source=\"email\" name=\"form\" style=\"padding: 10px;\">\n            <div class=\"u-form-group u-form-name\">\n              <label class=\"u-label\">Nome<\/label>\n              <input type=\"text\" placeholder=\"Insira seu Nome\" id=\"name-279c\" name=\"name\" class=\"u-input u-input-rectangle\" required=\"\">\n            <\/div>\n            <div class=\"u-form-email u-form-group\">\n              <label class=\"u-label\">Email<\/label>\n              <input type=\"email\" placeholder=\"Insira um endere\u00e7o de email v\u00e1lido\" id=\"email-279c\" name=\"email\" class=\"u-input u-input-rectangle\" required=\"\">\n            <\/div>\n            <div class=\"u-form-group u-form-message\">\n              <label class=\"u-label\">Mensagem<\/label>\n              <textarea placeholder=\"Insira sua mensagem\" id=\"message-279c\" name=\"message\" class=\"u-input u-input-rectangle\" required=\"\"><\/textarea>\n            <\/div>\n            <div class=\"u-align-left u-form-group u-form-submit\">\n              <a href=\"#\" class=\"u-btn u-btn-submit u-button-style\">Enviar<\/a>\n              <input type=\"submit\" value=\"submit\" class=\"u-form-control-hidden\">\n            <\/div>\n            <div class=\"u-form-send-message u-form-send-success\"> Obrigado! A sua mensagem foi enviada. <\/div>\n            <div class=\"u-form-send-error u-form-send-message\"> N\u00e3o foi poss\u00edvel enviar a sua mensagem. Por favor, corrija os erros e tente novamente. <\/div>\n            <input type=\"hidden\" value=\"\" name=\"recaptchaResponse\">\n            <input type=\"hidden\" name=\"formServices\" value=\"5b98955a-1ed6-c0d5-a7fb-fa93ac38e729\">\n          <\/form>\n        <\/div>\n      <\/div>\n    <\/section>\n    \n    \n    \n  \n","protected":false},"excerpt":{"rendered":"<p>Arr\u00e1bida Set\u00fabal, Arr\u00e1bida e Sesimbra (1 dia) Mar, serra e vilas costeiras \u2014 um dia completo ao teu ritmo, com viatura privada e motorista profissional. Um tour privado entre a Serra da Arr\u00e1bida e o Atl\u00e2ntico O Tour Privado Set\u00fabal, Arr\u00e1bida e Sesimbra da White Travel \u00e9 ideal para quem quer combinar paisagens naturais, miradouros &hellip; <a href=\"https:\/\/whitetravel.pt\/?page_id=650\" class=\"more-link\">Continue reading<span class=\"screen-reader-text\"> &#8220;Arr\u00e1bida&#8221;<\/span><\/a><\/p>\n","protected":false},"author":1,"featured_media":0,"parent":0,"menu_order":0,"comment_status":"closed","ping_status":"closed","template":"","meta":{"footnotes":""},"class_list":["post-650","page","type-page","status-publish","hentry"],"_links":{"self":[{"href":"https:\/\/whitetravel.pt\/index.php?rest_route=\/wp\/v2\/pages\/650","targetHints":{"allow":["GET"]}}],"collection":[{"href":"https:\/\/whitetravel.pt\/index.php?rest_route=\/wp\/v2\/pages"}],"about":[{"href":"https:\/\/whitetravel.pt\/index.php?rest_route=\/wp\/v2\/types\/page"}],"author":[{"embeddable":true,"href":"https:\/\/whitetravel.pt\/index.php?rest_route=\/wp\/v2\/users\/1"}],"replies":[{"embeddable":true,"href":"https:\/\/whitetravel.pt\/index.php?rest_route=%2Fwp%2Fv2%2Fcomments&post=650"}],"version-history":[{"count":8,"href":"https:\/\/whitetravel.pt\/index.php?rest_route=\/wp\/v2\/pages\/650\/revisions"}],"predecessor-version":[{"id":718,"href":"https:\/\/whitetravel.pt\/index.php?rest_route=\/wp\/v2\/pages\/650\/revisions\/718"}],"wp:attachment":[{"href":"https:\/\/whitetravel.pt\/index.php?rest_route=%2Fwp%2Fv2%2Fmedia&parent=650"}],"curies":[{"name":"wp","href":"https:\/\/api.w.org\/{rel}","templated":true}]}}