{"id":663,"date":"2026-02-19T15:15:30","date_gmt":"2026-02-19T14:15:30","guid":{"rendered":"https:\/\/whitetravel.pt\/?page_id=663"},"modified":"2026-02-20T12:39:32","modified_gmt":"2026-02-20T11:39:32","slug":"grande-lago-de-alqueva","status":"publish","type":"page","link":"https:\/\/whitetravel.pt\/?page_id=663","title":{"rendered":"Grande Lago de Alqueva"},"content":{"rendered":"\n    \n    <section class=\"u-align-left u-clearfix u-container-align-left u-image u-shading u-section-2\" id=\"block-3\" data-image-width=\"1280\" data-image-height=\"960\" style=\"background-image: linear-gradient(0deg, rgba(0, 0, 0, 0.4), rgba(0, 0, 0, 0.4)), url(&quot;https:\/\/whitetravel.pt\/wp-content\/uploads\/2026\/02\/photo-1588089153456-6177ff37f30c.jpeg&quot;);\">\n      <div class=\"u-clearfix u-sheet u-valign-middle-lg u-valign-middle-md u-valign-middle-sm u-valign-middle-xl u-valign-middle-xs u-sheet-1\">\n        <h1 class=\"u-align-left u-text u-text-default u-title u-text-1\"> Alqueva<\/h1>\n        <p class=\"u-align-left u-large-text u-text u-text-variant u-text-2\"> Tour Privado Grande Lago de Alqueva (1 dia)<\/p>\n      <\/div>\n    <\/section>\n    <section class=\"u-clearfix u-section-3\" id=\"block-1\">\n      <div class=\"u-clearfix u-sheet u-sheet-1\">\n        <p class=\"u-text u-text-1\">Alentejo em estado puro: paisagens amplas, aldeias brancas e o maior lago artificial da Europa \u2014 ao teu ritmo, com viatura privada e motorista profissional.<br>\n          <br><span style=\"font-weight: 700;\">A experi\u00eancia<br><\/span> O Grande Lago de Alqueva \u00e9 um dos segredos mais impressionantes de Portugal: horizonte aberto, sil\u00eancio, luz dourada e \u00e1gua a perder de vista.&nbsp;<br>Neste tour privado, a White Travel leva-te numa experi\u00eancia focada em natureza e paisagens, com paragens em miradouros e vilas t\u00edpicas do Alentejo.<br>\u00c9 a escolha certa para quem quer um dia tranquilo, com tempo para fotografar, respirar e aproveitar a regi\u00e3o sem pressas.<br>\n          <br><span style=\"font-weight: 700;\">Destaques do tour<br><\/span>Paisagens \u00fanicas do&nbsp;Grande Lago de Alqueva<br>Paragens em&nbsp;miradouros&nbsp;e pontos panor\u00e2micos<br>Vilas alentejanas e ambiente local aut\u00eantico<br>Possibilidade de incluir&nbsp;passeio de barco&nbsp;(opcional, mediante disponibilidade)<br>\n          <br><span style=\"font-weight: 700;\">Itiner\u00e1rio sugerido (flex\u00edvel)<br><\/span>Regi\u00e3o de Monsaraz:&nbsp;vila hist\u00f3rica e vistas panor\u00e2micas sobre o lago<br>Miradouros do Alqueva:&nbsp;paragens para fotos e contempla\u00e7\u00e3o<br>Margens do lago:&nbsp;tempo livre para passeio leve e pausa para almo\u00e7o<br>\n          <br>O itiner\u00e1rio \u00e9 ajust\u00e1vel no pr\u00f3prio dia, dentro do tempo total do servi\u00e7o.<br>\n          <br><span style=\"font-weight: 700;\">Inclui:<br><\/span>Viatura privada (conforme n\u00ba de passageiros)<br>Motorista profissional<br>Recolha e entrega no local combinado<br>Paragens flex\u00edveis dentro do tempo do tour<br>\n          <br><span style=\"font-weight: 700;\">N\u00e3o inclu\u00eddo:<br><\/span>Entradas, refei\u00e7\u00f5es, atividades (ex.: barco) e despesas pessoais.<br>\n          <br><span style=\"font-weight: 700;\">Pede or\u00e7amento<br><\/span>Envia data, n\u00ba de passageiros, local de recolha\/entrega e prefer\u00eancias.<br> Telefone: 215 995 198 | Email: <a href=\"mailto:travel@mobse.pt\" target=\"_blank\" rel=\"noopener noreferrer\" class=\"u-btn u-button-style u-none u-hover-none u-active-none u-border-none u-text-palette-1-base u-block-control u-btn-1\">travel@mobse.pt<\/a>\n        <\/p>\n      <\/div>\n    <\/section>\n    <section class=\"u-clearfix u-hidden u-section-4\" id=\"block-4\">\n      <div class=\"u-clearfix u-sheet u-sheet-1\">\n        <div class=\"u-form u-form-1\" id=\"carousel-1c12\">\n          <form action=\"https:\/\/service.nicepagesrv.com\/form\/v4\/form-process\" class=\"u-clearfix u-form-spacing-10 u-form-vertical u-inner-form\" source=\"email\" name=\"form\" style=\"padding: 10px;\">\n            <div class=\"u-form-group u-form-name\">\n              <label class=\"u-label\">Nome<\/label>\n              <input type=\"text\" placeholder=\"Insira seu Nome\" id=\"name-279c\" name=\"name\" class=\"u-input u-input-rectangle\" required=\"\">\n            <\/div>\n            <div class=\"u-form-email u-form-group\">\n              <label class=\"u-label\">Email<\/label>\n              <input type=\"email\" placeholder=\"Insira um endere\u00e7o de email v\u00e1lido\" id=\"email-279c\" name=\"email\" class=\"u-input u-input-rectangle\" required=\"\">\n            <\/div>\n            <div class=\"u-form-group u-form-message\">\n              <label class=\"u-label\">Mensagem<\/label>\n              <textarea placeholder=\"Insira sua mensagem\" id=\"message-279c\" name=\"message\" class=\"u-input u-input-rectangle\" required=\"\"><\/textarea>\n            <\/div>\n            <div class=\"u-align-left u-form-group u-form-submit\">\n              <a href=\"#\" class=\"u-btn u-btn-submit u-button-style\">Enviar<\/a>\n              <input type=\"submit\" value=\"submit\" class=\"u-form-control-hidden\">\n            <\/div>\n            <div class=\"u-form-send-message u-form-send-success\"> Obrigado! A sua mensagem foi enviada. <\/div>\n            <div class=\"u-form-send-error u-form-send-message\"> N\u00e3o foi poss\u00edvel enviar a sua mensagem. Por favor, corrija os erros e tente novamente. <\/div>\n            <input type=\"hidden\" value=\"\" name=\"recaptchaResponse\">\n            <input type=\"hidden\" name=\"formServices\" value=\"5b98955a-1ed6-c0d5-a7fb-fa93ac38e729\">\n          <\/form>\n        <\/div>\n      <\/div>\n    <\/section>\n    \n    \n    \n  \n","protected":false},"excerpt":{"rendered":"<p>Alqueva Tour Privado Grande Lago de Alqueva (1 dia) Alentejo em estado puro: paisagens amplas, aldeias brancas e o maior lago artificial da Europa \u2014 ao teu ritmo, com viatura privada e motorista profissional. A experi\u00eancia O Grande Lago de Alqueva \u00e9 um dos segredos mais impressionantes de Portugal: horizonte aberto, sil\u00eancio, luz dourada e &hellip; <a href=\"https:\/\/whitetravel.pt\/?page_id=663\" class=\"more-link\">Continue reading<span class=\"screen-reader-text\"> &#8220;Grande Lago de Alqueva&#8221;<\/span><\/a><\/p>\n","protected":false},"author":1,"featured_media":0,"parent":0,"menu_order":0,"comment_status":"closed","ping_status":"closed","template":"","meta":{"footnotes":""},"class_list":["post-663","page","type-page","status-publish","hentry"],"_links":{"self":[{"href":"https:\/\/whitetravel.pt\/index.php?rest_route=\/wp\/v2\/pages\/663","targetHints":{"allow":["GET"]}}],"collection":[{"href":"https:\/\/whitetravel.pt\/index.php?rest_route=\/wp\/v2\/pages"}],"about":[{"href":"https:\/\/whitetravel.pt\/index.php?rest_route=\/wp\/v2\/types\/page"}],"author":[{"embeddable":true,"href":"https:\/\/whitetravel.pt\/index.php?rest_route=\/wp\/v2\/users\/1"}],"replies":[{"embeddable":true,"href":"https:\/\/whitetravel.pt\/index.php?rest_route=%2Fwp%2Fv2%2Fcomments&post=663"}],"version-history":[{"count":8,"href":"https:\/\/whitetravel.pt\/index.php?rest_route=\/wp\/v2\/pages\/663\/revisions"}],"predecessor-version":[{"id":719,"href":"https:\/\/whitetravel.pt\/index.php?rest_route=\/wp\/v2\/pages\/663\/revisions\/719"}],"wp:attachment":[{"href":"https:\/\/whitetravel.pt\/index.php?rest_route=%2Fwp%2Fv2%2Fmedia&parent=663"}],"curies":[{"name":"wp","href":"https:\/\/api.w.org\/{rel}","templated":true}]}}