{"id":676,"date":"2026-02-19T18:05:17","date_gmt":"2026-02-19T17:05:17","guid":{"rendered":"https:\/\/whitetravel.pt\/?page_id=676"},"modified":"2026-02-19T18:35:59","modified_gmt":"2026-02-19T17:35:59","slug":"palacios-e-costa-atlantica","status":"publish","type":"page","link":"https:\/\/whitetravel.pt\/?page_id=676","title":{"rendered":"Pal\u00e1cios e Costa Atl\u00e2ntica"},"content":{"rendered":"\n    \n    <section class=\"u-align-left u-clearfix u-container-align-left u-image u-shading u-section-2\" id=\"block-3\" data-image-width=\"1280\" data-image-height=\"719\" style=\"background-image: linear-gradient(0deg, rgba(0, 0, 0, 0.4), rgba(0, 0, 0, 0.4)), url(&quot;https:\/\/whitetravel.pt\/wp-content\/uploads\/2026\/02\/photo-1697050303652-0b228f3f83df.jpeg&quot;);\">\n      <div class=\"u-clearfix u-sheet u-valign-middle-lg u-valign-middle-md u-valign-middle-sm u-valign-middle-xl u-valign-middle-xs u-sheet-1\">\n        <h1 class=\"u-align-left u-text u-text-default u-title u-text-1\">Pal\u00e1cios e Costa Atl\u00e2ntica<\/h1>\n        <p class=\"u-align-left u-large-text u-text u-text-variant u-text-2\"> Tour Privado Queluz, Sintra e Cascais (1 dia)<\/p>\n      <\/div>\n    <\/section>\n    <section class=\"u-clearfix u-section-3\" id=\"block-1\">\n      <div class=\"u-clearfix u-sheet u-sheet-1\">\n        <p class=\"u-text u-text-default u-text-1\"> Pal\u00e1cios, serra e costa atl\u00e2ntica \u2014 um dia completo ao teu ritmo, com viatura privada e motorista profissional.<br>\n          <br><span style=\"font-weight: 700;\">A experi\u00eancia<br><\/span>Este tour privado junta tr\u00eas dos locais mais ic\u00f3nicos perto de Lisboa: a eleg\u00e2ncia do Pal\u00e1cio de Queluz, a magia de Sintra (patrim\u00f3nio, jardins e miradouros) e o charme costeiro de Cascais.&nbsp;<br>\n          <br>Com a White Travel, tens transporte privado, conforto e flexibilidade para aproveitar sem stress, filas desnecess\u00e1rias e sem depender de hor\u00e1rios fixos.<br>\n          <br>Ideal para casais, fam\u00edlias e pequenos grupos que querem um dia completo com paisagem, cultura e tempo para fotografar.<br>\n          <br><span style=\"font-weight: 700;\">Destaques do tour<br><\/span>Pal\u00e1cio Nacional de Queluz&nbsp;(paragem cultural e jardins)<br>Estradas panor\u00e2micas e miradouros na&nbsp;Serra de Sintra<br>Tempo livre em&nbsp;Sintra&nbsp;(centro hist\u00f3rico e atmosfera \u00fanica)<br>Cascais&nbsp;e a costa atl\u00e2ntica (passeio e vistas)<br>\n          <br><span style=\"font-weight: 700;\">Itiner\u00e1rio sugerido (flex\u00edvel)<br><\/span>Queluz:&nbsp;visita exterior e\/ou interior ao Pal\u00e1cio e jardins (conforme prefer\u00eancia)<br>Sintra:&nbsp;centro hist\u00f3rico + paragens panor\u00e2micas (tempo ajust\u00e1vel)<br>Cascais:&nbsp;passeio pela vila e zona costeira, com paragens para fotos<br>\n          <br>O itiner\u00e1rio \u00e9 ajust\u00e1vel no pr\u00f3prio dia, dentro do tempo total do servi\u00e7o.<br>\n          <br><span style=\"font-weight: 700;\">Inclui:&nbsp;<br><\/span>Viatura privada (conforme n\u00ba de passageiros)<br>Motorista profissional<br>Recolha e entrega no local combinado<br>Paragens flex\u00edveis dentro do tempo do tour<br>\n          <br><span style=\"font-weight: 700;\">N\u00e3o inclu\u00eddo:&nbsp;<br><\/span>Entradas em monumentos, refei\u00e7\u00f5es e despesas pessoais.<br>\n          <br><span style=\"font-weight: 700;\">Pede or\u00e7amento<br><\/span>Envia data, n\u00ba de passageiros, local de recolha\/entrega e prefer\u00eancias (ex.: pal\u00e1cios que queres visitar).<br> Telefone: 215 995 198 | Email: <a href=\"mailto:travel@mobse.pt\" target=\"_blank\" rel=\"noopener noreferrer\" class=\"u-active-none u-border-none u-btn u-button-style u-hover-none u-none u-text-palette-1-base u-btn-1\">travel@mobse.pt<\/a>\n        <\/p>\n      <\/div>\n    <\/section>\n    <section class=\"u-clearfix u-hidden u-section-4\" id=\"block-4\">\n      <div class=\"u-clearfix u-sheet u-sheet-1\">\n        <div class=\"u-form u-form-1\" id=\"carousel-1c12\">\n          <form action=\"https:\/\/service.nicepagesrv.com\/form\/v4\/form-process\" class=\"u-clearfix u-form-spacing-10 u-form-vertical u-inner-form\" source=\"email\" name=\"form\" style=\"padding: 10px;\">\n            <div class=\"u-form-group u-form-name\">\n              <label class=\"u-label\">Nome<\/label>\n              <input type=\"text\" placeholder=\"Insira seu Nome\" id=\"name-279c\" name=\"name\" class=\"u-input u-input-rectangle\" required=\"\">\n            <\/div>\n            <div class=\"u-form-email u-form-group\">\n              <label class=\"u-label\">Email<\/label>\n              <input type=\"email\" placeholder=\"Insira um endere\u00e7o de email v\u00e1lido\" id=\"email-279c\" name=\"email\" class=\"u-input u-input-rectangle\" required=\"\">\n            <\/div>\n            <div class=\"u-form-group u-form-message\">\n              <label class=\"u-label\">Mensagem<\/label>\n              <textarea placeholder=\"Insira sua mensagem\" id=\"message-279c\" name=\"message\" class=\"u-input u-input-rectangle\" required=\"\"><\/textarea>\n            <\/div>\n            <div class=\"u-align-left u-form-group u-form-submit\">\n              <a href=\"#\" class=\"u-btn u-btn-submit u-button-style\">Enviar<\/a>\n              <input type=\"submit\" value=\"submit\" class=\"u-form-control-hidden\">\n            <\/div>\n            <div class=\"u-form-send-message u-form-send-success\"> Obrigado! A sua mensagem foi enviada. <\/div>\n            <div class=\"u-form-send-error u-form-send-message\"> N\u00e3o foi poss\u00edvel enviar a sua mensagem. Por favor, corrija os erros e tente novamente. <\/div>\n            <input type=\"hidden\" value=\"\" name=\"recaptchaResponse\">\n            <input type=\"hidden\" name=\"formServices\" value=\"5b98955a-1ed6-c0d5-a7fb-fa93ac38e729\">\n          <\/form>\n        <\/div>\n      <\/div>\n    <\/section>\n    \n    \n    \n  \n","protected":false},"excerpt":{"rendered":"<p>Pal\u00e1cios e Costa Atl\u00e2ntica Tour Privado Queluz, Sintra e Cascais (1 dia) Pal\u00e1cios, serra e costa atl\u00e2ntica \u2014 um dia completo ao teu ritmo, com viatura privada e motorista profissional. A experi\u00eanciaEste tour privado junta tr\u00eas dos locais mais ic\u00f3nicos perto de Lisboa: a eleg\u00e2ncia do Pal\u00e1cio de Queluz, a magia de Sintra (patrim\u00f3nio, jardins &hellip; <a href=\"https:\/\/whitetravel.pt\/?page_id=676\" class=\"more-link\">Continue reading<span class=\"screen-reader-text\"> &#8220;Pal\u00e1cios e Costa Atl\u00e2ntica&#8221;<\/span><\/a><\/p>\n","protected":false},"author":1,"featured_media":0,"parent":0,"menu_order":0,"comment_status":"closed","ping_status":"closed","template":"","meta":{"footnotes":""},"class_list":["post-676","page","type-page","status-publish","hentry"],"_links":{"self":[{"href":"https:\/\/whitetravel.pt\/index.php?rest_route=\/wp\/v2\/pages\/676","targetHints":{"allow":["GET"]}}],"collection":[{"href":"https:\/\/whitetravel.pt\/index.php?rest_route=\/wp\/v2\/pages"}],"about":[{"href":"https:\/\/whitetravel.pt\/index.php?rest_route=\/wp\/v2\/types\/page"}],"author":[{"embeddable":true,"href":"https:\/\/whitetravel.pt\/index.php?rest_route=\/wp\/v2\/users\/1"}],"replies":[{"embeddable":true,"href":"https:\/\/whitetravel.pt\/index.php?rest_route=%2Fwp%2Fv2%2Fcomments&post=676"}],"version-history":[{"count":8,"href":"https:\/\/whitetravel.pt\/index.php?rest_route=\/wp\/v2\/pages\/676\/revisions"}],"predecessor-version":[{"id":689,"href":"https:\/\/whitetravel.pt\/index.php?rest_route=\/wp\/v2\/pages\/676\/revisions\/689"}],"wp:attachment":[{"href":"https:\/\/whitetravel.pt\/index.php?rest_route=%2Fwp%2Fv2%2Fmedia&parent=676"}],"curies":[{"name":"wp","href":"https:\/\/api.w.org\/{rel}","templated":true}]}}